{"id":1138,"date":"2026-02-19T09:48:34","date_gmt":"2026-02-19T08:48:34","guid":{"rendered":"https:\/\/www.bilanciosocialefairtrade.it\/?page_id=1138"},"modified":"2026-02-19T09:52:21","modified_gmt":"2026-02-19T08:52:21","slug":"termini-e-condizioni","status":"publish","type":"page","link":"https:\/\/www.bilanciosocialefairtrade.it\/?page_id=1138","title":{"rendered":"Termini e condizioni"},"content":{"rendered":"\t\t<div data-elementor-type=\"wp-page\" data-elementor-id=\"1138\" class=\"elementor elementor-1138\">\n\t\t\t\t<div class=\"elementor-element elementor-element-491f8bcb e-flex e-con-boxed e-con e-parent\" data-id=\"491f8bcb\" data-element_type=\"container\">\n\t\t\t\t\t<div class=\"e-con-inner\">\n\t\t\t\t<div class=\"elementor-element elementor-element-9a73b2c elementor-widget elementor-widget-heading\" data-id=\"9a73b2c\" data-element_type=\"widget\" data-widget_type=\"heading.default\">\n\t\t\t\t<div class=\"elementor-widget-container\">\n\t\t\t\t\t<h1 class=\"elementor-heading-title elementor-size-default\">Termini e condizioni<\/h1>\t\t\t\t<\/div>\n\t\t\t\t<\/div>\n\t\t\t\t<div class=\"elementor-element elementor-element-728f176 elementor-widget-divider--view-line elementor-widget elementor-widget-divider\" data-id=\"728f176\" data-element_type=\"widget\" data-widget_type=\"divider.default\">\n\t\t\t\t<div class=\"elementor-widget-container\">\n\t\t\t\t\t\t\t<div class=\"elementor-divider\">\n\t\t\t<span class=\"elementor-divider-separator\">\n\t\t\t\t\t\t<\/span>\n\t\t<\/div>\n\t\t\t\t\t\t<\/div>\n\t\t\t\t<\/div>\n\t\t\t\t<div class=\"elementor-element elementor-element-51cb0b7 elementor-widget elementor-widget-text-editor\" data-id=\"51cb0b7\" data-element_type=\"widget\" data-widget_type=\"text-editor.default\">\n\t\t\t\t<div class=\"elementor-widget-container\">\n\t\t\t\t\t\t\t\t\t<p>Il sito internet <strong>www.bilanciosocialefairtrade.it<\/strong> \u00e8 un servizio di informazioni on-line fornito da Fairtrade Italia. Il suo utilizzo \u00e8 subordinato all\u2019accettazione dei termini e delle condizioni, qui di seguito stabilite.<\/p>\t\t\t\t\t\t\t\t<\/div>\n\t\t\t\t<\/div>\n\t\t\t\t<div class=\"elementor-element elementor-element-9dc8d22 elementor-widget elementor-widget-heading\" data-id=\"9dc8d22\" data-element_type=\"widget\" data-widget_type=\"heading.default\">\n\t\t\t\t<div class=\"elementor-widget-container\">\n\t\t\t\t\t<h2 class=\"elementor-heading-title elementor-size-default\">Definizioni<\/h2>\t\t\t\t<\/div>\n\t\t\t\t<\/div>\n\t\t\t\t<div class=\"elementor-element elementor-element-6a4cc95 elementor-widget elementor-widget-text-editor\" data-id=\"6a4cc95\" data-element_type=\"widget\" data-widget_type=\"text-editor.default\">\n\t\t\t\t<div class=\"elementor-widget-container\">\n\t\t\t\t\t\t\t\t\t<p>Per \u201cFairtrade Italia\u201d si intende Fairtrade Italia Societ\u00e0 Cooperativa Impresa Sociale, societ\u00e0 con sede in Passaggio Alcide De Gasperi 3, Padova, Italia.<br \/>Per \u201csito\u201d si intende il sito web <strong>www.bilanciosocialefairtrade.it<\/strong> gestito da Fairtrade Italia.<br \/>Per \u201cutente\u201d si intende un qualunque persona visiti e\/o utilizzi il sito.<\/p>\t\t\t\t\t\t\t\t<\/div>\n\t\t\t\t<\/div>\n\t\t\t\t<div class=\"elementor-element elementor-element-8052684 elementor-widget elementor-widget-heading\" data-id=\"8052684\" data-element_type=\"widget\" data-widget_type=\"heading.default\">\n\t\t\t\t<div class=\"elementor-widget-container\">\n\t\t\t\t\t<h2 class=\"elementor-heading-title elementor-size-default\">Limiti di utilizzo<\/h2>\t\t\t\t<\/div>\n\t\t\t\t<\/div>\n\t\t\t\t<div class=\"elementor-element elementor-element-c9d7bee elementor-widget elementor-widget-text-editor\" data-id=\"c9d7bee\" data-element_type=\"widget\" data-widget_type=\"text-editor.default\">\n\t\t\t\t<div class=\"elementor-widget-container\">\n\t\t\t\t\t\t\t\t\t<p style=\"font-weight: 400;\">I testi e solo i testi di <strong>www.bilanciosocialefairtrade.it<\/strong> sono sottoposti a licenza Creative Commons, nella versione \u201cAttribuzione \u2013 Non commerciale \u2013 Condividi allo stesso modo 2.5 (ITALIA): <a href=\"https:\/\/creativecommons.org\/licenses\/by-nc-sa\/2.5\/it\/legalcode\" target=\"_blank\" rel=\"noopener\">https:\/\/creativecommons.org\/licenses\/by-nc-sa\/2.5\/it\/legalcode<\/a><\/p>\t\t\t\t\t\t\t\t<\/div>\n\t\t\t\t<\/div>\n\t\t\t\t<div class=\"elementor-element elementor-element-58ecb7b elementor-widget elementor-widget-heading\" data-id=\"58ecb7b\" data-element_type=\"widget\" data-widget_type=\"heading.default\">\n\t\t\t\t<div class=\"elementor-widget-container\">\n\t\t\t\t\t<h2 class=\"elementor-heading-title elementor-size-default\">Limiti di responsabilit\u00e0<\/h2>\t\t\t\t<\/div>\n\t\t\t\t<\/div>\n\t\t\t\t<div class=\"elementor-element elementor-element-7bfc2e2 elementor-widget elementor-widget-text-editor\" data-id=\"7bfc2e2\" data-element_type=\"widget\" data-widget_type=\"text-editor.default\">\n\t\t\t\t<div class=\"elementor-widget-container\">\n\t\t\t\t\t\t\t\t\t<p>Fairtrade Italia, pur impegnandosi nel garantire l\u2019accuratezza e l\u2019integrit\u00e0 delle informazioni e del materiale contenuto nel sito, non \u00e8 responsabile per eventuali errori o informazioni non aggiornate. Il sito pu\u00f2 essere modificato da Fairtrade Italia senza alcun preavviso.<\/p>\t\t\t\t\t\t\t\t<\/div>\n\t\t\t\t<\/div>\n\t\t\t\t<div class=\"elementor-element elementor-element-9ed276a elementor-widget elementor-widget-heading\" data-id=\"9ed276a\" data-element_type=\"widget\" data-widget_type=\"heading.default\">\n\t\t\t\t<div class=\"elementor-widget-container\">\n\t\t\t\t\t<h2 class=\"elementor-heading-title elementor-size-default\">Collegamenti (Links) ad altri siti web<\/h2>\t\t\t\t<\/div>\n\t\t\t\t<\/div>\n\t\t\t\t<div class=\"elementor-element elementor-element-ec3bef4 elementor-widget elementor-widget-text-editor\" data-id=\"ec3bef4\" data-element_type=\"widget\" data-widget_type=\"text-editor.default\">\n\t\t\t\t<div class=\"elementor-widget-container\">\n\t\t\t\t\t\t\t\t\t<p>Il sito contiene riferimenti a prodotti e\/o servizi forniti da terzi o collegamenti a siti web di terzi. Fairtrade Italia non garantisce e non assume alcuna responsabilit\u00e0 circa i contenuti e le informazioni fornite da tali soggetti terzi all\u2019interno dei rispettivi siti web.<\/p>\t\t\t\t\t\t\t\t<\/div>\n\t\t\t\t<\/div>\n\t\t\t\t\t<\/div>\n\t\t\t\t<\/div>\n\t\t\t\t<\/div>\n\t\t","protected":false},"excerpt":{"rendered":"<p>Termini e condizioni Il sito internet www.bilanciosocialefairtrade.it \u00e8 un servizio di informazioni on-line fornito da Fairtrade Italia. Il suo utilizzo \u00e8 subordinato all\u2019accettazione dei termini e delle condizioni, qui di seguito stabilite. Definizioni Per \u201cFairtrade Italia\u201d si intende Fairtrade Italia Societ\u00e0 Cooperativa Impresa Sociale, societ\u00e0 con sede in Passaggio Alcide De Gasperi 3, Padova, Italia.Per [&hellip;]<\/p>\n","protected":false},"author":1,"featured_media":0,"parent":0,"menu_order":0,"comment_status":"closed","ping_status":"closed","template":"","meta":{"footnotes":""},"class_list":["post-1138","page","type-page","status-publish","hentry"],"_links":{"self":[{"href":"https:\/\/www.bilanciosocialefairtrade.it\/index.php?rest_route=\/wp\/v2\/pages\/1138","targetHints":{"allow":["GET"]}}],"collection":[{"href":"https:\/\/www.bilanciosocialefairtrade.it\/index.php?rest_route=\/wp\/v2\/pages"}],"about":[{"href":"https:\/\/www.bilanciosocialefairtrade.it\/index.php?rest_route=\/wp\/v2\/types\/page"}],"author":[{"embeddable":true,"href":"https:\/\/www.bilanciosocialefairtrade.it\/index.php?rest_route=\/wp\/v2\/users\/1"}],"replies":[{"embeddable":true,"href":"https:\/\/www.bilanciosocialefairtrade.it\/index.php?rest_route=%2Fwp%2Fv2%2Fcomments&post=1138"}],"version-history":[{"count":4,"href":"https:\/\/www.bilanciosocialefairtrade.it\/index.php?rest_route=\/wp\/v2\/pages\/1138\/revisions"}],"predecessor-version":[{"id":1142,"href":"https:\/\/www.bilanciosocialefairtrade.it\/index.php?rest_route=\/wp\/v2\/pages\/1138\/revisions\/1142"}],"wp:attachment":[{"href":"https:\/\/www.bilanciosocialefairtrade.it\/index.php?rest_route=%2Fwp%2Fv2%2Fmedia&parent=1138"}],"curies":[{"name":"wp","href":"https:\/\/api.w.org\/{rel}","templated":true}]}}